{"id":2738,"date":"2022-02-27T15:55:39","date_gmt":"2022-02-27T14:55:39","guid":{"rendered":"https:\/\/m2racetech.com\/?page_id=2738"},"modified":"2026-04-07T02:06:36","modified_gmt":"2026-04-07T00:06:36","slug":"impressum","status":"publish","type":"page","link":"https:\/\/m2racetech.com\/en\/impressum\/","title":{"rendered":"Imprint"},"content":{"rendered":"<div class=\"brz-root__container brz-reset-all brz brz-root__container-page\">\n<section id=\"_sajnwdlaryfleuagitateamcsfukussfkbqs\" class=\"brz-section brz-css-y5qvaq\">\n<div class=\"brz-section__content brz-section--boxed brz-css-nbx23u brz-css-qx9k7s\" data-brz-custom-id=\"ttaepmqlhgvklyufbspwfiqvfwyowpeztqzb\">\n<div class=\"brz-bg\">\n<div class=\"brz-bg-color\"><\/div>\n<\/div>\n<div class=\"brz-container brz-css-hj5fwb brz-css-18v56s5\">\n<div id=\"\" class=\"brz-css-1cnyp8g brz-css-1gbsqfk brz-wrapper\">\n<div class=\"brz-spacer brz-css-af40xp brz-css-1nv0cl1\"><\/div>\n<\/div>\n<div id=\"\" class=\"brz-css-1cnyp8g brz-wrapper\">\n<div class=\"brz-rich-text brz-rich-text__custom brz-css-l6l2a4\" data-brz-custom-id=\"rqnosiynhyikofwcxexgkzdyvyhmkbfmeiir\">\n<div data-brz-translate-text=\"1\">\n<h1 class=\"brz-tp-lg-heading1 brz-css-by4ij\" data-generated-css=\"brz-css-gpemf\" data-uniq-id=\"pqkrf\"><span class=\"brz-cp-color8\"> <\/span><\/h1>\n<h1 class=\"brz-tp-lg-heading1 brz-css-gb_4I\" data-generated-css=\"brz-css-pwpug\" data-uniq-id=\"gwkcg\"><span class=\"brz-cp-color8\"> <\/span><\/h1>\n<h1 class=\"brz-tp-lg-heading1 brz-css-goBBr\" data-generated-css=\"brz-css-vdyct\" data-uniq-id=\"mllef\"><span class=\"brz-cp-color8\">Imprint<\/span><\/h1>\n<h2 class=\"brz-tp-lg-heading2 brz-css-iZywY\" data-generated-css=\"brz-css-plojk\" data-uniq-id=\"mztib\"><span class=\"brz-cp-color8\"> <\/span><\/h2>\n<h2 class=\"brz-tp-xs-empty brz-lh-xs-1_3 brz-ls-xs-m_0_5 brz-fw-xs-400 brz-fss-xs-px brz-fs-xs-24 brz-tp-lg-heading2 brz-css-hEU5O\" data-generated-css=\"brz-css-pykpl\" data-uniq-id=\"nipzo\"><span class=\"brz-cp-color8\">Angaben gem\u00e4\u00df \u00a7 5 TMG<\/span><\/h2>\n<p class=\"brz-tp-xs-empty brz-lh-xs-1_3 brz-ls-xs-m_0_5 brz-fw-xs-400 brz-fss-xs-px brz-fs-xs-12 brz-tp-lg-paragraph brz-css-a0vQJ\" data-generated-css=\"brz-css-masor\" data-uniq-id=\"ksfox\"><span class=\"brz-cp-color8\"> <\/span><\/p>\n<p class=\"brz-tp-xs-empty brz-lh-xs-1_3 brz-ls-xs-m_0_5 brz-fw-xs-400 brz-fss-xs-px brz-fs-xs-12 brz-tp-lg-paragraph brz-css-swad8\" data-generated-css=\"brz-css-ezuvm\" data-uniq-id=\"memkd\"><span class=\"brz-cp-color8\">M2RACE technology UG (haftungsbeschr\u00e4nkt)<\/span><\/p>\n<p class=\"brz-tp-xs-empty brz-lh-xs-1_3 brz-ls-xs-m_0_5 brz-fw-xs-400 brz-fss-xs-px brz-fs-xs-12 brz-tp-lg-paragraph brz-css-jCdQP\" data-generated-css=\"brz-css-zrpii\" data-uniq-id=\"iwowt\"><span class=\"brz-cp-color8\">Hauptstra\u00dfe 51<\/span><\/p>\n<p class=\"brz-tp-xs-empty brz-lh-xs-1_3 brz-ls-xs-m_0_5 brz-fw-xs-400 brz-fss-xs-px brz-fs-xs-12 brz-tp-lg-paragraph brz-css-y7TyS\" data-generated-css=\"brz-css-gzhhq\" data-uniq-id=\"hchgh\"><span class=\"brz-cp-color8\">85119 Ernsgaden<\/span><\/p>\n<p class=\"brz-tp-xs-empty brz-lh-xs-1_3 brz-ls-xs-m_0_5 brz-fw-xs-400 brz-fss-xs-px brz-fs-xs-12 brz-tp-lg-paragraph brz-css-ci022\" data-generated-css=\"brz-css-mwvaj\" data-uniq-id=\"akgts\"><span class=\"brz-cp-color8\"> <\/span><\/p>\n<p class=\"brz-tp-xs-empty brz-lh-xs-1_3 brz-ls-xs-m_0_5 brz-fw-xs-400 brz-fss-xs-px brz-fs-xs-12 brz-tp-lg-paragraph brz-css-eWJeo\" data-generated-css=\"brz-css-htsez\" data-uniq-id=\"lblrw\"><span class=\"brz-cp-color8\">Commercial Register: HRB 10565<\/span><\/p>\n<p class=\"brz-tp-xs-empty brz-lh-xs-1_3 brz-ls-xs-m_0_5 brz-fw-xs-400 brz-fss-xs-px brz-fs-xs-12 brz-tp-lg-paragraph brz-css-meFH2\" data-generated-css=\"brz-css-kyfrl\" data-uniq-id=\"rlphv\"><span class=\"brz-cp-color8\">Registration court: district court Ingolstadt<\/span><\/p>\n<p class=\"brz-tp-xs-empty brz-lh-xs-1_3 brz-ls-xs-m_0_5 brz-fw-xs-400 brz-fss-xs-px brz-fs-xs-12 brz-tp-lg-paragraph brz-css-fh5kh\" data-generated-css=\"brz-css-riekw\" data-uniq-id=\"aymds\"><strong class=\"brz-cp-color8\"> <\/strong><\/p>\n<p class=\"brz-tp-xs-empty brz-lh-xs-1_3 brz-ls-xs-m_0_5 brz-fw-xs-400 brz-fss-xs-px brz-fs-xs-12 brz-tp-lg-paragraph brz-css-vwoZ9\" data-generated-css=\"brz-css-wbixk\" data-uniq-id=\"rkvrn\"><strong class=\"brz-cp-color8\">Represented by:<\/strong><\/p>\n<p class=\"brz-tp-xs-empty brz-lh-xs-1_3 brz-ls-xs-m_0_5 brz-fw-xs-400 brz-fss-xs-px brz-fs-xs-12 brz-tp-lg-paragraph brz-css-stros\" data-generated-css=\"brz-css-fktyg\" data-uniq-id=\"xqilm\"><strong class=\"brz-cp-color8\">Manuel Kellerer<\/strong><\/p>\n<p class=\"brz-tp-xs-empty brz-lh-xs-1_3 brz-ls-xs-m_0_5 brz-fw-xs-400 brz-fss-xs-px brz-fs-xs-12 brz-ff-red_hat_text brz-ft-google brz-fs-lg-14 brz-fss-lg-px brz-fw-lg-400 brz-ls-lg-0 brz-lh-lg-1_9 brz-tp-lg-empty brz-css-q94MI\" data-generated-css=\"brz-css-pikyd\" data-uniq-id=\"nxuzx\"><strong class=\"brz-cp-color8\">Gesch\u00e4ftsf\u00fchrung<\/strong><\/p>\n<h2 class=\"brz-tp-xs-empty brz-lh-xs-1_3 brz-ls-xs-m_0_5 brz-fw-xs-400 brz-fss-xs-px brz-fs-xs-12 brz-tp-lg-heading2 brz-css-dETht\" data-generated-css=\"brz-css-vegma\" data-uniq-id=\"pzkqz\"><span class=\"brz-cp-color8\"> <\/span><\/h2>\n<h2 class=\"brz-tp-lg-heading2 brz-css-t0ubO\" data-generated-css=\"brz-css-vdiuq\" data-uniq-id=\"ykbas\"><span class=\"brz-cp-color8\">Contact<\/span><\/h2>\n<p class=\"brz-tp-xs-empty brz-lh-xs-1_6 brz-ls-xs-0 brz-fw-xs-500 brz-fss-xs-px brz-fs-xs-12 brz-tp-lg-paragraph brz-css-kDuwr\" data-generated-css=\"brz-css-exmdt\" data-uniq-id=\"ukieu\"><span class=\"brz-cp-color8\">Telefon: +49 (0) 8452 <\/span><span class=\"brz-cp-color6\">359 985 9<\/span><\/p>\n<p class=\"brz-tp-xs-empty brz-lh-xs-1_6 brz-ls-xs-0 brz-fw-xs-500 brz-fss-xs-px brz-fs-xs-12 brz-tp-lg-paragraph brz-css-xkSBK\" data-generated-css=\"brz-css-sxnfm\" data-uniq-id=\"tkjrp\"><span class=\"brz-cp-color8\">E-Mail: info@m2racetech.com<\/span><\/p>\n<h2 class=\"brz-tp-lg-heading2 brz-css-yyU1i\" data-generated-css=\"brz-css-rqcos\" data-uniq-id=\"zgnwb\"><span class=\"brz-cp-color8\"> <\/span><\/h2>\n<h2 class=\"brz-tp-lg-heading2 brz-css-pMeN3\" data-generated-css=\"brz-css-zgepq\" data-uniq-id=\"udlix\"><span class=\"brz-cp-color8\">EU Dispute Settlement<\/span><\/h2>\n<p class=\"brz-tp-xs-empty brz-lh-xs-1_6 brz-ls-xs-0 brz-fw-xs-500 brz-fss-xs-px brz-fs-xs-12 brz-tp-lg-paragraph brz-css-uuygG\" data-generated-css=\"brz-css-tyzqm\" data-uniq-id=\"rfghj\"><span class=\"brz-cp-color8\">Die Europ\u00e4ische Kommission stellt eine Plattform zur Online-Streitbeilegung (OS) bereit: https:\/\/ec.europa.eu\/consumers\/odr\/.<\/span><\/p>\n<p class=\"brz-tp-xs-empty brz-lh-xs-1_6 brz-ls-xs-0 brz-fw-xs-500 brz-fss-xs-px brz-fs-xs-12 brz-tp-lg-paragraph brz-css-c7LKD\" data-generated-css=\"brz-css-oppkl\" data-uniq-id=\"fetha\"><span class=\"brz-cp-color8\"> <\/span><\/p>\n<p class=\"brz-tp-xs-empty brz-lh-xs-1_6 brz-ls-xs-0 brz-fw-xs-500 brz-fss-xs-px brz-fs-xs-12 brz-tp-lg-paragraph brz-css-tRNfE\" data-generated-css=\"brz-css-jgvlu\" data-uniq-id=\"tgzoq\"><span class=\"brz-cp-color8\"> Our e-mail address can be found above in the imprint.<\/span><\/p>\n<h2 class=\"brz-tp-lg-heading2 brz-css-koHym\" data-generated-css=\"brz-css-ickzi\" data-uniq-id=\"remem\"><span class=\"brz-cp-color8\"> <\/span><\/h2>\n<h2 class=\"brz-tp-lg-heading2 brz-css-lOcal\" data-generated-css=\"brz-css-coary\" data-uniq-id=\"gytmq\"><span class=\"brz-cp-color8\">Verbraucher\u00adstreit\u00adbeilegung\/ <\/span><\/h2>\n<h2 class=\"brz-tp-lg-heading2 brz-css-xUSvc\" data-generated-css=\"brz-css-ikgfc\" data-uniq-id=\"mzftt\"><span class=\"brz-cp-color8\">Universal\u00adschlichtungs\u00adstelle<\/span><\/h2>\n<h2 class=\"brz-tp-lg-heading2 brz-css-zYrgj\" data-generated-css=\"brz-css-yiqnz\" data-uniq-id=\"frlsk\"><span class=\"brz-cp-color8\"> <\/span><\/h2>\n<p class=\"brz-tp-xs-empty brz-lh-xs-1_6 brz-ls-xs-0 brz-fw-xs-500 brz-fss-xs-px brz-fs-xs-12 brz-tp-lg-paragraph brz-css-sDg7O\" data-generated-css=\"brz-css-pzsdm\" data-uniq-id=\"mxpch\"><span class=\"brz-cp-color8\">We are not willing or obliged to participate in dispute settlement procedures before a consumer arbitration board.<\/span><\/p>\n<p class=\"brz-tp-xs-empty brz-lh-xs-1_6 brz-ls-xs-0 brz-fw-xs-500 brz-fss-xs-px brz-fs-xs-12 brz-text-lg-center brz-tp-lg-paragraph brz-text-xs-justify brz-css-wF0W0\" data-uniq-id=\"ngqjn\" data-generated-css=\"brz-css-lgjkm\"><span class=\"brz-cp-color8\">Quelle: https:\/\/www.e-recht24.de<\/span><\/p>\n<\/div>\n<\/div>\n<\/div>\n<div id=\"\" class=\"brz-css-1cnyp8g brz-css-1gbsqfk brz-wrapper\">\n<div class=\"brz-spacer brz-css-af40xp brz-css-1axlng7\"><\/div>\n<\/div>\n<\/div>\n<\/div>\n<\/section>\n<\/div>\n<p>    <!-- version:1736983100 --><\/p>","protected":false},"excerpt":{"rendered":"<p>Impressum Angaben gem\u00e4\u00df \u00a7 5 TMG M2RACE technology UG (haftungsbeschr\u00e4nkt) Hauptstra\u00dfe 51 85119 Ernsgaden Handelsregister: HRB 10565 Registergericht: Amtsgericht Ingolstadt Vertreten durch: Manuel Kellerer Gesch\u00e4ftsf\u00fchrung Kontakt Telefon: +49 (0) 8452 359 985 9 E-Mail: info@m2racetech.com EU-Streitschlichtung Die Europ\u00e4ische Kommission stellt eine Plattform zur Online-Streitbeilegung (OS) bereit: https:\/\/ec.europa.eu\/consumers\/odr\/. Unsere E-Mail-Adresse finden Sie oben im Impressum. Verbraucher\u00adstreit\u00adbeilegung\/ [&hellip;]<\/p>\n","protected":false},"author":1,"featured_media":0,"parent":0,"menu_order":0,"comment_status":"closed","ping_status":"closed","template":"","meta":{"footnotes":""},"class_list":["post-2738","page","type-page","status-publish","hentry"],"blocksy_meta":{"styles_descriptor":{"styles":{"desktop":"","tablet":"","mobile":""},"google_fonts":[],"version":6}},"yoast_head":"<!-- This site is optimized with the Yoast SEO plugin v27.5 - https:\/\/yoast.com\/product\/yoast-seo-wordpress\/ -->\n<title>Impressum - M\u00b2RACE technology<\/title>\n<meta name=\"robots\" content=\"noindex, follow\" \/>\n<meta property=\"og:locale\" content=\"en_GB\" \/>\n<meta property=\"og:type\" content=\"article\" \/>\n<meta property=\"og:title\" content=\"Impressum - M\u00b2RACE technology\" \/>\n<meta property=\"og:description\" content=\"Impressum Angaben gem\u00e4\u00df \u00a7 5 TMG M2RACE technology UG (haftungsbeschr\u00e4nkt) Hauptstra\u00dfe 51 85119 Ernsgaden Handelsregister: HRB 10565 Registergericht: Amtsgericht Ingolstadt Vertreten durch: Manuel Kellerer Gesch\u00e4ftsf\u00fchrung Kontakt Telefon: +49 (0) 8452 359 985 9 E-Mail: info@m2racetech.com EU-Streitschlichtung Die Europ\u00e4ische Kommission stellt eine Plattform zur Online-Streitbeilegung (OS) bereit: https:\/\/ec.europa.eu\/consumers\/odr\/. Unsere E-Mail-Adresse finden Sie oben im Impressum. Verbraucher\u00adstreit\u00adbeilegung\/ [&hellip;]\" \/>\n<meta property=\"og:url\" content=\"https:\/\/m2racetech.com\/en\/impressum\/\" \/>\n<meta property=\"og:site_name\" content=\"M\u00b2RACE technology\" \/>\n<meta property=\"article:modified_time\" content=\"2026-04-07T00:06:36+00:00\" \/>\n<meta name=\"twitter:card\" content=\"summary_large_image\" \/>\n<meta name=\"twitter:label1\" content=\"Estimated reading time\" \/>\n\t<meta name=\"twitter:data1\" content=\"1 minute\" \/>\n<script type=\"application\/ld+json\" class=\"yoast-schema-graph\">{\"@context\":\"https:\\\/\\\/schema.org\",\"@graph\":[{\"@type\":\"WebPage\",\"@id\":\"https:\\\/\\\/m2racetech.com\\\/impressum\\\/\",\"url\":\"https:\\\/\\\/m2racetech.com\\\/impressum\\\/\",\"name\":\"Impressum - M\u00b2RACE technology\",\"isPartOf\":{\"@id\":\"https:\\\/\\\/m2racetech.com\\\/#website\"},\"datePublished\":\"2022-02-27T14:55:39+00:00\",\"dateModified\":\"2026-04-07T00:06:36+00:00\",\"breadcrumb\":{\"@id\":\"https:\\\/\\\/m2racetech.com\\\/impressum\\\/#breadcrumb\"},\"inLanguage\":\"en-GB\",\"potentialAction\":[{\"@type\":\"ReadAction\",\"target\":[\"https:\\\/\\\/m2racetech.com\\\/impressum\\\/\"]}]},{\"@type\":\"BreadcrumbList\",\"@id\":\"https:\\\/\\\/m2racetech.com\\\/impressum\\\/#breadcrumb\",\"itemListElement\":[{\"@type\":\"ListItem\",\"position\":1,\"name\":\"Startseite\",\"item\":\"https:\\\/\\\/m2racetech.com\\\/\"},{\"@type\":\"ListItem\",\"position\":2,\"name\":\"Impressum\"}]},{\"@type\":\"WebSite\",\"@id\":\"https:\\\/\\\/m2racetech.com\\\/#website\",\"url\":\"https:\\\/\\\/m2racetech.com\\\/\",\"name\":\"M\u00b2RACE technology\",\"description\":\"Motorsport ist unsere DNA\",\"publisher\":{\"@id\":\"https:\\\/\\\/m2racetech.com\\\/#organization\"},\"potentialAction\":[{\"@type\":\"SearchAction\",\"target\":{\"@type\":\"EntryPoint\",\"urlTemplate\":\"https:\\\/\\\/m2racetech.com\\\/?s={search_term_string}\"},\"query-input\":{\"@type\":\"PropertyValueSpecification\",\"valueRequired\":true,\"valueName\":\"search_term_string\"}}],\"inLanguage\":\"en-GB\"},{\"@type\":\"Organization\",\"@id\":\"https:\\\/\\\/m2racetech.com\\\/#organization\",\"name\":\"M2RACE technology UG (haftungsbeschr\u00e4nkt)\",\"url\":\"https:\\\/\\\/m2racetech.com\\\/\",\"logo\":{\"@type\":\"ImageObject\",\"inLanguage\":\"en-GB\",\"@id\":\"https:\\\/\\\/m2racetech.com\\\/#\\\/schema\\\/logo\\\/image\\\/\",\"url\":\"https:\\\/\\\/i0.wp.com\\\/m2racetech.com\\\/wp-content\\\/uploads\\\/2022\\\/02\\\/cropped-cropped-IconM2500x500-1.png?fit=512%2C512&ssl=1\",\"contentUrl\":\"https:\\\/\\\/i0.wp.com\\\/m2racetech.com\\\/wp-content\\\/uploads\\\/2022\\\/02\\\/cropped-cropped-IconM2500x500-1.png?fit=512%2C512&ssl=1\",\"width\":512,\"height\":512,\"caption\":\"M2RACE technology UG (haftungsbeschr\u00e4nkt)\"},\"image\":{\"@id\":\"https:\\\/\\\/m2racetech.com\\\/#\\\/schema\\\/logo\\\/image\\\/\"}}]}<\/script>\n<!-- \/ Yoast SEO plugin. -->","yoast_head_json":{"title":"Impressum - M\u00b2RACE technology","robots":{"index":"noindex","follow":"follow"},"og_locale":"en_GB","og_type":"article","og_title":"Impressum - M\u00b2RACE technology","og_description":"Impressum Angaben gem\u00e4\u00df \u00a7 5 TMG M2RACE technology UG (haftungsbeschr\u00e4nkt) Hauptstra\u00dfe 51 85119 Ernsgaden Handelsregister: HRB 10565 Registergericht: Amtsgericht Ingolstadt Vertreten durch: Manuel Kellerer Gesch\u00e4ftsf\u00fchrung Kontakt Telefon: +49 (0) 8452 359 985 9 E-Mail: info@m2racetech.com EU-Streitschlichtung Die Europ\u00e4ische Kommission stellt eine Plattform zur Online-Streitbeilegung (OS) bereit: https:\/\/ec.europa.eu\/consumers\/odr\/. Unsere E-Mail-Adresse finden Sie oben im Impressum. Verbraucher\u00adstreit\u00adbeilegung\/ [&hellip;]","og_url":"https:\/\/m2racetech.com\/en\/impressum\/","og_site_name":"M\u00b2RACE technology","article_modified_time":"2026-04-07T00:06:36+00:00","twitter_card":"summary_large_image","twitter_misc":{"Estimated reading time":"1 minute"},"schema":{"@context":"https:\/\/schema.org","@graph":[{"@type":"WebPage","@id":"https:\/\/m2racetech.com\/impressum\/","url":"https:\/\/m2racetech.com\/impressum\/","name":"Impressum - M\u00b2RACE technology","isPartOf":{"@id":"https:\/\/m2racetech.com\/#website"},"datePublished":"2022-02-27T14:55:39+00:00","dateModified":"2026-04-07T00:06:36+00:00","breadcrumb":{"@id":"https:\/\/m2racetech.com\/impressum\/#breadcrumb"},"inLanguage":"en-GB","potentialAction":[{"@type":"ReadAction","target":["https:\/\/m2racetech.com\/impressum\/"]}]},{"@type":"BreadcrumbList","@id":"https:\/\/m2racetech.com\/impressum\/#breadcrumb","itemListElement":[{"@type":"ListItem","position":1,"name":"Startseite","item":"https:\/\/m2racetech.com\/"},{"@type":"ListItem","position":2,"name":"Impressum"}]},{"@type":"WebSite","@id":"https:\/\/m2racetech.com\/#website","url":"https:\/\/m2racetech.com\/","name":"M\u00b2RACE technology","description":"Motorsport is in our DNA","publisher":{"@id":"https:\/\/m2racetech.com\/#organization"},"potentialAction":[{"@type":"SearchAction","target":{"@type":"EntryPoint","urlTemplate":"https:\/\/m2racetech.com\/?s={search_term_string}"},"query-input":{"@type":"PropertyValueSpecification","valueRequired":true,"valueName":"search_term_string"}}],"inLanguage":"en-GB"},{"@type":"Organization","@id":"https:\/\/m2racetech.com\/#organization","name":"M2RACE technology UG (haftungsbeschr\u00e4nkt)","url":"https:\/\/m2racetech.com\/","logo":{"@type":"ImageObject","inLanguage":"en-GB","@id":"https:\/\/m2racetech.com\/#\/schema\/logo\/image\/","url":"https:\/\/i0.wp.com\/m2racetech.com\/wp-content\/uploads\/2022\/02\/cropped-cropped-IconM2500x500-1.png?fit=512%2C512&ssl=1","contentUrl":"https:\/\/i0.wp.com\/m2racetech.com\/wp-content\/uploads\/2022\/02\/cropped-cropped-IconM2500x500-1.png?fit=512%2C512&ssl=1","width":512,"height":512,"caption":"M2RACE technology UG (haftungsbeschr\u00e4nkt)"},"image":{"@id":"https:\/\/m2racetech.com\/#\/schema\/logo\/image\/"}}]}},"jetpack_sharing_enabled":true,"brizy_media":[],"_links":{"self":[{"href":"https:\/\/m2racetech.com\/en\/wp-json\/wp\/v2\/pages\/2738","targetHints":{"allow":["GET"]}}],"collection":[{"href":"https:\/\/m2racetech.com\/en\/wp-json\/wp\/v2\/pages"}],"about":[{"href":"https:\/\/m2racetech.com\/en\/wp-json\/wp\/v2\/types\/page"}],"author":[{"embeddable":true,"href":"https:\/\/m2racetech.com\/en\/wp-json\/wp\/v2\/users\/1"}],"replies":[{"embeddable":true,"href":"https:\/\/m2racetech.com\/en\/wp-json\/wp\/v2\/comments?post=2738"}],"version-history":[{"count":10,"href":"https:\/\/m2racetech.com\/en\/wp-json\/wp\/v2\/pages\/2738\/revisions"}],"predecessor-version":[{"id":5127,"href":"https:\/\/m2racetech.com\/en\/wp-json\/wp\/v2\/pages\/2738\/revisions\/5127"}],"wp:attachment":[{"href":"https:\/\/m2racetech.com\/en\/wp-json\/wp\/v2\/media?parent=2738"}],"curies":[{"name":"wp","href":"https:\/\/api.w.org\/{rel}","templated":true}]}}